{"id":1034,"date":"2012-06-11T20:27:57","date_gmt":"2012-06-11T18:27:57","guid":{"rendered":"http:\/\/www.wielkapysznosc.pl\/?page_id=1034"},"modified":"2017-01-08T18:13:12","modified_gmt":"2017-01-08T17:13:12","slug":"szybkie-kurikulum","status":"publish","type":"page","link":"https:\/\/nowybufet.pl\/wielkapysznosc\/szybkie-kurikulum\/","title":{"rendered":"Szybkie kurikulum"},"content":{"rendered":"<p><img loading=\"lazy\" decoding=\"async\" src=\"https:\/\/nowybufet.pl\/wielkapysznosc\/wp-content\/uploads\/2012\/06\/magdalena-kisielewska-580x444.jpg\" alt=\"Magdalena Kisielewska\" title=\"Magdalena Kisielewska\" width=\"580\" height=\"444\" class=\"aligncenter size-medium wp-image-1073\" srcset=\"https:\/\/nowybufet.pl\/wielkapysznosc\/wp-content\/uploads\/2012\/06\/magdalena-kisielewska-580x444.jpg 580w, https:\/\/nowybufet.pl\/wielkapysznosc\/wp-content\/uploads\/2012\/06\/magdalena-kisielewska.jpg 1000w\" sizes=\"(max-width: 580px) 100vw, 580px\" \/><\/p>\n<p>Nazywam si\u0119 Magda Kisielewska. Od razu zaznaczam, \u017ce gotowanie nie by\u0142o moj\u0105 pasj\u0105 od dziecka. Nie mam magicznych wspomnie\u0144 z dzieci\u0144stwa, jak piek\u0142am z mam\u0105 ciastka, a z babci\u0105 gotowa\u0142am przepyszny bigos. W\u0142a\u015bciwie niewiele pami\u0119tam z tego okresu, poza tym \u017ce by\u0142 fajny i dzia\u0142 si\u0119 na styku komuny i raczkuj\u0105cego kapitalizmu.<\/p>\n<p>Gotowa\u0107 zacz\u0119\u0142am przypadkiem, bo z r\u00f3\u017cnych powod\u00f3w zostawi\u0142am studia i potrzebowa\u0142am p\u0142atnego zaj\u0119cia. Na pocz\u0105tku w og\u00f3le mi si\u0119 to nie podoba\u0142o, a nawet mia\u0142am problem z tym, \u017ce z Uniwersytetu Jagiello\u0144skiego trafi\u0142am do kuchni. Ale czas mija\u0142, zdobywa\u0142am do\u015bwiadczenie i zaczyna\u0142am lubi\u0107 swoje zaj\u0119cie. Gotowanie zaczyna\u0142o by\u0107 modne i popularne w mediach. Dlatego gdy odpowiada\u0142am na pytanie co robi\u0119 zawodowo, coraz cz\u0119\u015bciej s\u0142ysza\u0142am: \u201eNaprawd\u0119 gotujesz? To wspaniale! Zawsze chcia\u0142am to robi\u0107!\u201d. Jestem \u201ew bran\u017cy\u201d ju\u017c od 2003 roku. To czego si\u0119 nauczy\u0142am i ci\u0105gle ucz\u0119,  umieszczam tutaj. A od 2014 roku tak\u017ce na innej stronie &#8211; stronie mojego lokalu Nowy Bufet. Bo opr\u00f3cz prowadzenia bloga o jedzeniu zrealizowa\u0142am drugie najwi\u0119ksze marzenie &#8211; stworzenie w\u0142asnego miejsca, w kt\u00f3rym karmi\u0119 ludzi po swojemu. Wielka Pyszno\u015b\u0107 i Nowy Bufet, czyli jak biblioteka gotuj\u0105cego cz\u0142owieka mo\u017ce Was zaprowadzi\u0107 do autorskiej sto\u0142\u00f3wki, a raczej sto\u0142\u00f3weczki.<\/p>\n<p>Zach\u0119cam Was do korzystania ze wszystkich zebranych tu przepis\u00f3w i do odwiedzenia nas w Krakowie na Mogilskiej.<\/p>\n<p>Kontakt: <a href=\"mailto:magda@wielkapysznosc.pl\">magda@wielkapysznosc.pl<\/a><\/p>\n","protected":false},"excerpt":{"rendered":"<p>Nazywam si\u0119 Magda Kisielewska. Od razu zaznaczam, \u017ce gotowanie nie by\u0142o moj\u0105 pasj\u0105 od dziecka. Nie mam magicznych wspomnie\u0144 z [&hellip;]<\/p>\n","protected":false},"author":3,"featured_media":0,"parent":0,"menu_order":0,"comment_status":"closed","ping_status":"closed","template":"","meta":{"site-sidebar-layout":"default","site-content-layout":"","ast-site-content-layout":"","site-content-style":"default","site-sidebar-style":"default","ast-global-header-display":"","ast-banner-title-visibility":"","ast-main-header-display":"","ast-hfb-above-header-display":"","ast-hfb-below-header-display":"","ast-hfb-mobile-header-display":"","site-post-title":"","ast-breadcrumbs-content":"","ast-featured-img":"","footer-sml-layout":"","theme-transparent-header-meta":"","adv-header-id-meta":"","stick-header-meta":"","header-above-stick-meta":"","header-main-stick-meta":"","header-below-stick-meta":"","astra-migrate-meta-layouts":"default","ast-page-background-enabled":"default","ast-page-background-meta":{"desktop":{"background-color":"var(--ast-global-color-4)","background-image":"","background-repeat":"repeat","background-position":"center center","background-size":"auto","background-attachment":"scroll","background-type":"","background-media":"","overlay-type":"","overlay-color":"","overlay-opacity":"","overlay-gradient":""},"tablet":{"background-color":"","background-image":"","background-repeat":"repeat","background-position":"center center","background-size":"auto","background-attachment":"scroll","background-type":"","background-media":"","overlay-type":"","overlay-color":"","overlay-opacity":"","overlay-gradient":""},"mobile":{"background-color":"","background-image":"","background-repeat":"repeat","background-position":"center center","background-size":"auto","background-attachment":"scroll","background-type":"","background-media":"","overlay-type":"","overlay-color":"","overlay-opacity":"","overlay-gradient":""}},"ast-content-background-meta":{"desktop":{"background-color":"var(--ast-global-color-5)","background-image":"","background-repeat":"repeat","background-position":"center center","background-size":"auto","background-attachment":"scroll","background-type":"","background-media":"","overlay-type":"","overlay-color":"","overlay-opacity":"","overlay-gradient":""},"tablet":{"background-color":"var(--ast-global-color-5)","background-image":"","background-repeat":"repeat","background-position":"center center","background-size":"auto","background-attachment":"scroll","background-type":"","background-media":"","overlay-type":"","overlay-color":"","overlay-opacity":"","overlay-gradient":""},"mobile":{"background-color":"var(--ast-global-color-5)","background-image":"","background-repeat":"repeat","background-position":"center center","background-size":"auto","background-attachment":"scroll","background-type":"","background-media":"","overlay-type":"","overlay-color":"","overlay-opacity":"","overlay-gradient":""}},"footnotes":""},"class_list":["post-1034","page","type-page","status-publish","hentry"],"_links":{"self":[{"href":"https:\/\/nowybufet.pl\/wielkapysznosc\/wp-json\/wp\/v2\/pages\/1034"}],"collection":[{"href":"https:\/\/nowybufet.pl\/wielkapysznosc\/wp-json\/wp\/v2\/pages"}],"about":[{"href":"https:\/\/nowybufet.pl\/wielkapysznosc\/wp-json\/wp\/v2\/types\/page"}],"author":[{"embeddable":true,"href":"https:\/\/nowybufet.pl\/wielkapysznosc\/wp-json\/wp\/v2\/users\/3"}],"replies":[{"embeddable":true,"href":"https:\/\/nowybufet.pl\/wielkapysznosc\/wp-json\/wp\/v2\/comments?post=1034"}],"version-history":[{"count":2,"href":"https:\/\/nowybufet.pl\/wielkapysznosc\/wp-json\/wp\/v2\/pages\/1034\/revisions"}],"predecessor-version":[{"id":4388,"href":"https:\/\/nowybufet.pl\/wielkapysznosc\/wp-json\/wp\/v2\/pages\/1034\/revisions\/4388"}],"wp:attachment":[{"href":"https:\/\/nowybufet.pl\/wielkapysznosc\/wp-json\/wp\/v2\/media?parent=1034"}],"curies":[{"name":"wp","href":"https:\/\/api.w.org\/{rel}","templated":true}]}}