{"id":157,"date":"2012-03-04T19:25:57","date_gmt":"2012-03-04T18:25:57","guid":{"rendered":"http:\/\/www.wielkapysznosc.pl\/?page_id=157"},"modified":"2017-02-19T20:52:35","modified_gmt":"2017-02-19T19:52:35","slug":"przepisy","status":"publish","type":"page","link":"https:\/\/nowybufet.pl\/wielkapysznosc\/przepisy\/","title":{"rendered":"Indeks przepis\u00f3w"},"content":{"rendered":"<h2>Przek\u0105ski<\/h2>\n<p><a href=\"https:\/\/nowybufet.pl\/wielkapysznosc\/bruschetta\/\">bruschetta<\/a><br \/>\n<a href=\"https:\/\/nowybufet.pl\/wielkapysznosc\/buraki-z-kozim-serem\/\">buraki z kozim serem<\/a><br \/>\n<a href=\"https:\/\/nowybufet.pl\/wielkapysznosc\/chleb-drozdzowy\/\">chleb dro\u017cd\u017cowy \u201eTrzech Kr\u00f3li\u201d<\/a><br \/>\n<a href=\"https:\/\/nowybufet.pl\/wielkapysznosc\/domowa-kanapka-ze-sledziem\/\">domowa kanapka ze \u015bledziem a\u2019la cieszy\u0144ska<\/a><br \/>\n<a href=\"https:\/\/nowybufet.pl\/wielkapysznosc\/gangsterskie-sniadanie-podgorskie\/\">jaja w czy\u015b\u0107cu<\/a><br \/>\n<a href=\"https:\/\/nowybufet.pl\/wielkapysznosc\/jak-zrobic-bialy-ser\/\">domowy ser bia\u0142y<\/a><br \/>\n<a href=\"https:\/\/nowybufet.pl\/wielkapysznosc\/focaccia\/\">focaccia<\/a><br \/>\n<a href=\"https:\/\/nowybufet.pl\/wielkapysznosc\/hummus\/\">hummus<\/a><br \/>\n<a href=\"https:\/\/nowybufet.pl\/wielkapysznosc\/jajecznica-z-olejem-dyniowym\/\">jajecznica z olejem z pestek dyni<\/a><br \/>\n<a href=\"https:\/\/nowybufet.pl\/wielkapysznosc\/jajka-florentynskie\/\">jajka florenty\u0144skie<\/a><br \/>\n<a href=\"https:\/\/nowybufet.pl\/wielkapysznosc\/pasta-z-baklazana\/\">kawior z bak\u0142a\u017cana<\/a><br \/>\n<a href=\"https:\/\/nowybufet.pl\/wielkapysznosc\/kiszone-ogorki\/\">kiszone og\u00f3rki<\/a><br \/>\n<a href=\"https:\/\/nowybufet.pl\/wielkapysznosc\/krewetki-z-czosnkiem\/\">krewetki z czosnkiem na winie<\/a><br \/>\n<a href=\"https:\/\/nowybufet.pl\/wielkapysznosc\/marchewka-z-czosnkiem\/\">marchewka z czosnkiem<\/a><br \/>\n<a href=\"https:\/\/nowybufet.pl\/wielkapysznosc\/migdaly-w-chrupiacej-skorupce\/\">migda\u0142y w chrupi\u0105cej skorupce<\/a><br \/>\n<a href=\"https:\/\/nowybufet.pl\/wielkapysznosc\/muffinki-drozdzowe\/\">muffinki dro\u017cd\u017cowe<\/a><br \/>\n<a href=\"https:\/\/nowybufet.pl\/wielkapysznosc\/nalesniki-amerykanskie\/\">nale\u015bniki ameryka\u0144skie<\/a><br \/>\n<a href=\"https:\/\/nowybufet.pl\/wielkapysznosc\/paszteciki-drozdzowe\/\">paszteciki dro\u017cd\u017cowe<\/a><br \/>\n<a href=\"https:\/\/nowybufet.pl\/wielkapysznosc\/pasztet-z-tymiankiem\">pasztet z tymiankiem<\/a><br \/>\n<a href=\"https:\/\/nowybufet.pl\/wielkapysznosc\/toskanska-pasta-z-watrobki\/\">pasta z w\u0105tr\u00f3bki<\/a><br \/>\n<a href=\"https:\/\/nowybufet.pl\/wielkapysznosc\/placki-z-jablkami\/\">placki z jab\u0142kami<\/a><br \/>\n<a href=\"https:\/\/nowybufet.pl\/wielkapysznosc\/salatka-cezar\/\">sa\u0142atka Cezar<\/a><br \/>\n<a href=\"https:\/\/nowybufet.pl\/wielkapysznosc\/salatka-sledziowa\/\">sa\u0142atka \u015bledziowa<\/a><br \/>\n<a href=\"https:\/\/nowybufet.pl\/wielkapysznosc\/na-wigilie-sledzie\/\">sa\u0142atka \u015bledziowa z ziemniakami i jab\u0142kiem<\/a><br \/>\n<a href=\"https:\/\/nowybufet.pl\/wielkapysznosc\/salatka-z-burakow\/\">sa\u0142atka z burakami<\/a><br \/>\n<a href=\"https:\/\/nowybufet.pl\/wielkapysznosc\/salatka-z-ogorkiem-oliwkami-i-ziemniakami\/\">sa\u0142atka z og\u00f3rkiem ma\u0142osolnym, ziemniakami, oliwkami i fet\u0105<\/a><br \/>\n<a href=\"https:\/\/nowybufet.pl\/wielkapysznosc\/chrupiace-serowe-ciastka-domowe\/\">s\u0142one ciastka serowe<\/a><br \/>\n<a href=\"https:\/\/nowybufet.pl\/wielkapysznosc\/slone-oponki-drozdzowe\/\">s\u0142one oponki dro\u017cd\u017cowe<\/a><br \/>\n<a href=\"https:\/\/nowybufet.pl\/wielkapysznosc\/na-wigilie-sledzie\/\">\u015bledzie w cebuli i pomidorach<\/a><br \/>\n<a href=\"https:\/\/nowybufet.pl\/wielkapysznosc\/sniadanie-angielskie\/\">\u015bniadanie angielskie<\/a><br \/>\n<a href=\"https:\/\/nowybufet.pl\/wielkapysznosc\/soczysta-ziolowa-piers-z-kurczaka\/\">soczysta zio\u0142owa pier\u015b z kurczaka na kanapk\u0119<\/a><br \/>\n<a href=\"https:\/\/nowybufet.pl\/wielkapysznosc\/tapenada\/\">tapenada<\/a><br \/>\n<a href=\"https:\/\/nowybufet.pl\/wielkapysznosc\/tatar-wolowy\/\">tatar<\/a><br \/>\n<a href=\"https:\/\/nowybufet.pl\/wielkapysznosc\/tatar-z-lososia\/\">tatar z \u0142ososia<\/a><\/p>\n<h2>Zupy<\/h2>\n<p><a href=\"https:\/\/nowybufet.pl\/wielkapysznosc\/barszcz\/\">barszcz czerwony<\/a><br \/>\n<a href=\"https:\/\/nowybufet.pl\/wielkapysznosc\/barszcz-czerwony-wigilijny\/\">barszcz czerwony wigilijny<\/a><br \/>\n<a href=\"https:\/\/nowybufet.pl\/wielkapysznosc\/chlodnik-a-la-borek-pekalski\/\">ch\u0142odnik \u00e0 la Borek P\u0119kalski<\/a><br \/>\n<a href=\"https:\/\/nowybufet.pl\/wielkapysznosc\/krem-pomidorowy\/\">krem pomidorowy<\/a><br \/>\n<a href=\"https:\/\/nowybufet.pl\/wielkapysznosc\/krem-z-dyni\/\">krem z dyni<\/a><br \/>\n<a href=\"https:\/\/nowybufet.pl\/wielkapysznosc\/krem-z-grzybow-lesnych\/\">krem z grzyb\u00f3w le\u015bnych<\/a><br \/>\n<a href=\"https:\/\/nowybufet.pl\/wielkapysznosc\/krem-z-kukurydzy\/\">krem z kukurydzy z imbirem i makaronem z tortilli<\/a><br \/>\n<a href=\"https:\/\/nowybufet.pl\/wielkapysznosc\/krem-z-porow\/\">krem z por\u00f3w<\/a><br \/>\n<a href=\"https:\/\/nowybufet.pl\/wielkapysznosc\/krem-z-porow-z-cheddarem-i-chorizo\/\">krem porowo\u2013ziemniaczany z cheddarem i chorizo<\/a><br \/>\n<a href=\"https:\/\/nowybufet.pl\/wielkapysznosc\/krupnik\/\">krupnik polski<\/a><br \/>\n<a href=\"https:\/\/nowybufet.pl\/wielkapysznosc\/zupa-cebulowa\/\">zupa cebulowa<\/a><br \/>\n<a href=\"https:\/\/nowybufet.pl\/wielkapysznosc\/zupa-gulaszowa\/\">zupa gulaszowa<\/a><br \/>\n<a href=\"https:\/\/nowybufet.pl\/wielkapysznosc\/zupa-pomidorowa-z-lanymi-kluskami\/\">zupa pomidorowa z lanymi kluskami<\/a><br \/>\n<a href=\"https:\/\/nowybufet.pl\/wielkapysznosc\/zupa-rumunska\/\">zupa rumu\u0144ska z kuleczkami mi\u0119sno-ry\u017cowymi<\/a><br \/>\n<a href=\"https:\/\/nowybufet.pl\/wielkapysznosc\/zupa-tajska\/\">zupa tajska<\/a><br \/>\n<a href=\"https:\/\/nowybufet.pl\/wielkapysznosc\/zupa-tajska-raz-jeszcze\/\">zupa tajska z kurczakiem<\/a><\/p>\n<h2>Makarony<\/h2>\n<p><a href=\"https:\/\/nowybufet.pl\/wielkapysznosc\/aglio-olio\/\">aglio olio<\/a><br \/>\n<a href=\"https:\/\/nowybufet.pl\/wielkapysznosc\/cannelloni-z-dynia-i-rozmarynem\/\">cannelloni z dyni\u0105 i rozmarynem<\/a><br \/>\n<a href=\"https:\/\/nowybufet.pl\/wielkapysznosc\/cannelloni-ze-szpinakiem-i-ricotta\/\">cannelloni ze szpinakiem i ricott\u0105<\/a><br \/>\n<a href=\"https:\/\/nowybufet.pl\/wielkapysznosc\/carbonara\/\">carbonara<\/a><br \/>\n<a href=\"https:\/\/nowybufet.pl\/wielkapysznosc\/fusilli-al-torchio-z-wedzona-ryba\/\">fusili al torchio z w\u0119dzon\u0105 ryb\u0105<\/a><br \/>\n<a href=\"https:\/\/nowybufet.pl\/wielkapysznosc\/makaron-z-baklazanem-i-mozzarella\/\">gobetti z bak\u0142a\u017canem i mozzarell\u0105<\/a><br \/>\n<a href=\"https:\/\/nowybufet.pl\/wielkapysznosc\/kluski-po-czesku\/\">kluski po czesku<\/a><br \/>\n<a href=\"https:\/\/nowybufet.pl\/wielkapysznosc\/lasagne-z-sosem-bolonskim\/\">lasagne z sosem bolo\u0144skim<\/a><br \/>\n<a href=\"https:\/\/nowybufet.pl\/wielkapysznosc\/najlepszy-makaron-z-krewetkami\/\">makaron z krewetkami<\/a><br \/>\n<a href=\"https:\/\/nowybufet.pl\/wielkapysznosc\/makaron-z-pesto-i-krewetkami\/\">makaron z krewetkami i pesto<\/a><br \/>\n<a href=\"https:\/\/nowybufet.pl\/wielkapysznosc\/makaron-z-lososiem\/\">makaron z \u0142ososiem<\/a><br \/>\n<a href=\"https:\/\/nowybufet.pl\/wielkapysznosc\/makaron-z-sosem-z-gulaszu\/\">makaron z sosem z gulaszu<\/a><br \/>\n<a href=\"https:\/\/nowybufet.pl\/wielkapysznosc\/makaron-z-cukinia-karczochami\/\">tagliatelle z cukini\u0105, karczochami i suszonymi pomidorami<\/a><br \/>\n<a href=\"https:\/\/nowybufet.pl\/wielkapysznosc\/penne-z-dynia-i-pieczonymi-pomidorkami\/>penne z dyni\u0105 i pieczonymi pomidorkami<\/a><br \/>\n<a href=\"https:\/\/nowybufet.pl\/wielkapysznosc\/puttanesca\/\">puttanesca<\/a><br \/>\n<a href=\"https:\/\/nowybufet.pl\/wielkapysznosc\/makaron-risini-z-mlodymi-warzywami\/\">risini z m\u0142odymi warzywami<\/a><br \/>\n<a href=\"https:\/\/nowybufet.pl\/wielkapysznosc\/tagliatelle-z-kurczakiem-i-suszonymi-pomidorami\/\">tagliatelle z kurczakiem i suszonymi pomidorami<\/a><br \/>\n<a href=\"https:\/\/nowybufet.pl\/wielkapysznosc\/tagliatelle-z-suszonymi-pomidorami-i-wolowina\/\">tagliatelle z suszonymi pomidorami i wo\u0142owin\u0105<\/a><\/p>\n<h2>Dania g\u0142\u00f3wne<\/h2>\n<p><a href=\"https:\/\/nowybufet.pl\/wielkapysznosc\/burrito-z-dipem-z-czerwonej-fasoli\/\">burrito z kurczakiem z dipem z czerwonej fasoli<\/a><br \/>\n<a href=\"https:\/\/nowybufet.pl\/wielkapysznosc\/chili-con-carne\/\">chili con carne<\/a><br \/>\n<a href=\"https:\/\/nowybufet.pl\/wielkapysznosc\/curry-z-kury-jednogarnkowe\/\">curry z kury jednogarnkowe<\/a><br \/>\n<a href=\"https:\/\/nowybufet.pl\/wielkapysznosc\/czarniak-z-zielonym-groszkiem\/\">czarniak z groszkiem i sosem ma\u015blano\u2013winnym<\/a><br \/>\n<a href=\"https:\/\/nowybufet.pl\/wielkapysznosc\/empanadas-z-kukurydza\/\">empanadas z kukurydz\u0105<\/a><br \/>\n<a href=\"https:\/\/nowybufet.pl\/wielkapysznosc\/fasola-z-fenkulem\/\">fasola z fenku\u0142em<\/a><br \/>\n<a href=\"https:\/\/nowybufet.pl\/wielkapysznosc\/slow-fast-food\/\">cheeseburgery<\/a><br \/>\n<a href=\"https:\/\/nowybufet.pl\/wielkapysznosc\/gnocchi-szpinakowe\/\">gnocchi szpinakowe<\/a><br \/>\n<a href=\"https:\/\/nowybufet.pl\/wielkapysznosc\/gnocchi-di-patate\/\">gnocchi pomidorowe z sosem serowym<\/a><br \/>\n<a href=\"https:\/\/nowybufet.pl\/wielkapysznosc\/golabek-wloski\/\">go\u0142\u0105bki w\u0142oskie<\/a><br \/>\n<a href=\"https:\/\/nowybufet.pl\/wielkapysznosc\/groch-z-kapusta\/\">groch z kapust\u0105<\/a><br \/>\n<a href=\"https:\/\/nowybufet.pl\/wielkapysznosc\/gulasz-na-kwasie-chlebowym-z-czeskim-knedlem\/\">gulasz na kwasie chlebowym z czeskim knedlem<\/a><br \/>\n<a href=\"https:\/\/nowybufet.pl\/wielkapysznosc\/gulasz-z-suszonymi-sliwkami-i-ciemnym-piwem\/\">gulasz z suszonymi \u015bliwkami i ciemnym piwem<\/a><br \/>\n<a href=\"https:\/\/nowybufet.pl\/wielkapysznosc\/indyk-z-ryzem-prazonym\/\">indyk z ry\u017cem pra\u017conym i warzywami<\/a><br \/>\n<a href=\"https:\/\/nowybufet.pl\/wielkapysznosc\/kaczka-w-pomaranczach\/\">kaczka w pomara\u0144czach<\/a><br \/>\n<a href=\"https:\/\/nowybufet.pl\/wielkapysznosc\/kasza-gryczana-z-kurczakiem-mieta-i-pomaranczami\/\">kasza gryczana z kurczakiem, mi\u0119t\u0105 i pomara\u0144czami<\/a><br \/>\n<a href=\"https:\/\/nowybufet.pl\/wielkapysznosc\/kielbaski-w-ciescie\/\">kie\u0142baski w cie\u015bcie<\/a><br \/>\n<a href=\"https:\/\/nowybufet.pl\/wielkapysznosc\/kluski-slaskie\/\">kluski \u015bl\u0105skie<\/a><br \/>\n<a href=\"https:\/\/nowybufet.pl\/wielkapysznosc\/kluski-z-bialej-kapusty\/\">kluski z bia\u0142ej kapusty<\/a><br \/>\n<a href=\"https:\/\/nowybufet.pl\/wielkapysznosc\/kopytka\/\">kopytka<\/a><br \/>\n<a href=\"https:\/\/nowybufet.pl\/wielkapysznosc\/krewetki-w-kokosowym-sosie-z-ryzem-basmati\/\">krewetki w kokosowym sosie z ry\u017cem basmati<\/a><br \/>\n<a href=\"https:\/\/nowybufet.pl\/wielkapysznosc\/szybki-kurczak-cytrynowy-na-lato\/\">kurczak cytrynowo-miodowy<\/a><br \/>\n<a href=\"https:\/\/nowybufet.pl\/wielkapysznosc\/kurczak-na-serowo-ostro-z-fasolka-szparagowa\/\">kurczak na serowo\u2013ostro z fasolk\u0105 szparagow\u0105<\/a><br \/>\n<a href=\"https:\/\/nowybufet.pl\/wielkapysznosc\/kurczak-nadziewany-orzechami-i-serem\/\">kurczak nadziewany orzechami i serem<\/a><br \/>\n<a href=\"https:\/\/nowybufet.pl\/wielkapysznosc\/kurczak-w-sosie-satay-z-mleczkiem-kokosowym\/\">kurczak w sosie satay z mleczkiem kokosowym<\/a><br \/>\n<a href=\"https:\/\/nowybufet.pl\/wielkapysznosc\/kurczak-w-sosie-tymiankowo-limonkowym\/\">kurczak w sosie tymiankowo\u2013limonkowym<\/a><br \/>\n<a href=\"https:\/\/nowybufet.pl\/wielkapysznosc\/kurczak-z-ryzem-basmati\/\">kurczak z ry\u017cem basmati w orientalnym sosie<\/a><br \/>\n<a href=\"https:\/\/nowybufet.pl\/wielkapysznosc\/losos-z-salsa-verde\/\">\u0142oso\u015b z sals\u0105 verde<\/a><br \/>\n<a href=\"https:\/\/nowybufet.pl\/wielkapysznosc\/losos-ze-szpinakiem\/\">\u0142oso\u015b ze szpinakiem i sosem ma\u015blano\u2013winnym<\/a><br \/>\n<a href=\"https:\/\/nowybufet.pl\/wielkapysznosc\/melanzana\/\">melanzana<\/a><br \/>\n<a href=\"https:\/\/nowybufet.pl\/wielkapysznosc\/musaka\/\">musaka<\/a><br \/>\n<a href=\"https:\/\/nowybufet.pl\/wielkapysznosc\/nalesniki-z-kapusta-i-baklazanem\/\">nale\u015bniki z kapust\u0105 i bak\u0142a\u017canem<\/a><br \/>\n<a href=\"https:\/\/nowybufet.pl\/wielkapysznosc\/nalesniki-ze-szpinakiem\/\">nale\u015bniki ze szpinakiem i sosem \u017curawinowym<\/a><br \/>\n<a href=\"https:\/\/nowybufet.pl\/wielkapysznosc\/peczak-z-warzywami\/\">p\u0119czak z warzywami i orze\u017awiaj\u0105cym sosem<\/a><br \/>\n<a href=\"https:\/\/nowybufet.pl\/wielkapysznosc\/pieczony-dorsz-z-sosem-aioli\/\">pieczony dorsz z sosem aioli<\/a><br \/>\n<a href=\"https:\/\/nowybufet.pl\/wielkapysznosc\/pieczony-losos-batatami-pomidorem\/\">pieczony \u0142oso\u015b z batatami i pomidorem<\/a><br \/>\n<a href=\"https:\/\/nowybufet.pl\/wielkapysznosc\/pieczony-losos-z-soczewica-i-sosem-porowo-cytrynowym\/\">pieczony \u0142oso\u015b z soczewic\u0105 i sosem porowo-cytrynowym<\/a><br \/>\n<a href=\"https:\/\/nowybufet.pl\/wielkapysznosc\/pieczony-pstrag-w-sosie-pomaranczowym\/\">pieczony pstr\u0105g w sosie pomara\u0144czowym<\/a><br \/>\n<a href=\"https:\/\/nowybufet.pl\/wielkapysznosc\/pierogi-nadziewane-peczakiem-i-bialym-serem\/\">pierogi nadziewane p\u0119czakiem i bia\u0142ym serem<\/a><br \/>\n<a href=\"https:\/\/nowybufet.pl\/wielkapysznosc\/pierogi-z-kapusta-i-grzybami\/\">pierogi z kapust\u0105mi grzybami<\/a><br \/>\n<a href=\"https:\/\/nowybufet.pl\/wielkapysznosc\/pierogi-z-kasza-gryczana-i-bryndza\/\">pierogi z kasz\u0105 gryczan\u0105 i bryndz\u0105<\/a><br \/>\n<a href=\"https:\/\/nowybufet.pl\/wielkapysznosc\/piers-z-kaczki\/\">pier\u015b z kaczki<\/a><br \/>\n<a href=\"https:\/\/nowybufet.pl\/wielkapysznosc\/piers-kurczaka-z-kuminem-i-ziemniakami-yucatan\/\">pier\u015b z kurczaka z chipotle i kuminem z ziemniakami Yucatan<\/a><br \/>\n<a href=\"https:\/\/nowybufet.pl\/wielkapysznosc\/pikantne-skrzydelka\/\">pikantne skrzyde\u0142ka<\/a><br \/>\n<a href=\"https:\/\/nowybufet.pl\/wielkapysznosc\/pita-z-warzywami-feta-i-sosem-oliwkowym\/\">pita z warzywami, fet\u0105 i sosem oliwkowym<\/a><br \/>\n<a href=\"https:\/\/nowybufet.pl\/wielkapysznosc\/pizza\/\">pizza<\/a><br \/>\n<a href=\"https:\/\/nowybufet.pl\/wielkapysznosc\/pizza-ze-speckiem-i-mascarpone\/\">pizza ze speckiem i mascarpone<\/a><br \/>\n<a href=\"https:\/\/nowybufet.pl\/wielkapysznosc\/pizza-ze-szpinakiem-jajkiem-speckiem\/\">pizza ze szpinakiem, jajkiem i speckiem<\/a><br \/>\n<a href=\"https:\/\/nowybufet.pl\/wielkapysznosc\/placki-z-krewetek-i-kukurydzy\/\">placki z krewetek i kukurydzy<\/a><br \/>\n<a href=\"https:\/\/nowybufet.pl\/wielkapysznosc\/placki-ziemniaczane-z-sosem-zurkowym\/\">placki ziemniaczane z sosem \u017curkowym<\/a><br \/>\n<a href=\"https:\/\/nowybufet.pl\/wielkapysznosc\/polenta\/\">polenta<\/a><br \/>\n<a href=\"https:\/\/nowybufet.pl\/wielkapysznosc\/poledwiczki-wieprzowe-w-sosie-kurkowym\/\">pol\u0119dwiczka wieprzowa w sosie kurkowym<\/a><br \/>\n<a href=\"https:\/\/nowybufet.pl\/wielkapysznosc\/poledwiczki-w-szynce-parmenskiej\/\">pol\u0119dwiczki wieprzowe w szynce parme\u0144skiej<\/a><br \/>\n<a href=\"https:\/\/nowybufet.pl\/wielkapysznosc\/pomidory-nadziewane-kurkami\/\">pomidory nadziewane kurkami <\/a><br \/>\n<a href=\"https:\/\/nowybufet.pl\/wielkapysznosc\/prazucha\/\">pra\u017cucha <\/a><br \/>\n<a href=\"https:\/\/nowybufet.pl\/wielkapysznosc\/pstrag-na-parze\/\">pstr\u0105g na parze z fasolk\u0105 zawijan\u0105 w boczku<\/a><br \/>\n<a href=\"https:\/\/nowybufet.pl\/wielkapysznosc\/quiche-szpinakowa-z-cheddarem\/\">quiche ze szpinakiem i cheddarem z sa\u0142atk\u0105 z awokado<\/a><br \/>\n<a href=\"https:\/\/nowybufet.pl\/wielkapysznosc\/ratatouille\/\">ratatouille warzywne<\/a><br \/>\n<a href=\"https:\/\/nowybufet.pl\/wielkapysznosc\/risotto-alla-milanese\/\">risotto alla milanese<\/a><br \/>\n<a href=\"https:\/\/nowybufet.pl\/wielkapysznosc\/risotto-z-dynia\/\">risotto z dyni\u0105<\/a><br \/>\n<a href=\"https:\/\/nowybufet.pl\/wielkapysznosc\/risotto-ze-szparagami\/\">risotto ze szparagami<\/a><br \/>\n<a href=\"https:\/\/nowybufet.pl\/wielkapysznosc\/rostbef-z-pieczonymi-ziemniakami\/\">rostbef z pieczonymi ziemniakami i guacamole<\/a><br \/>\n<a href=\"https:\/\/nowybufet.pl\/wielkapysznosc\/soczysta-ziolowa-piers-z-kurczaka\/\">soczysta zio\u0142owa pier\u015b z kurczaka<\/a><br \/>\n<a href=\"https:\/\/nowybufet.pl\/wielkapysznosc\/stek-wolowy-z-sosem-z-gorgonzoli\/\">stek wo\u0142owy z sosem z gorgonzoli<\/a><br \/>\n<a href=\"https:\/\/nowybufet.pl\/wielkapysznosc\/tarta-z-dynia-i-z-cukinia\/\">tarta z dyni\u0105, cukini\u0105 i flanem jajecznym<\/a><br \/>\n<a href=\"https:\/\/nowybufet.pl\/wielkapysznosc\/tarta-z-kielbaskami\/\">tarta z kie\u0142baskami<\/a><br \/>\n<a href=\"https:\/\/nowybufet.pl\/wielkapysznosc\/tarta-z-porami-i-kurkami\/\">tarta z porami i kurkami<\/a><br \/>\n<a href=\"https:\/\/nowybufet.pl\/wielkapysznosc\/tarta-ze-szparagami\/\">tarta ze szparagami<\/a><br \/>\n<a href=\"https:\/\/nowybufet.pl\/wielkapysznosc\/tortilla-z-kurczakiem\/\">tortilla z sa\u0142at\u0105, kurczakiem i warzywami<\/a><br \/>\n<a href=\"https:\/\/nowybufet.pl\/wielkapysznosc\/yucatan-taco\/\">yucatan taco<\/a><br \/>\n<a href=\"https:\/\/nowybufet.pl\/wielkapysznosc\/tajska-wolowina-massaman\/\">wo\u0142owina massaman<\/a><br \/>\n<a href=\"https:\/\/nowybufet.pl\/wielkapysznosc\/zapiekanka-z-baklazana-ziemniakow-i-pomidorow\/\">zapiekanka z bak\u0142a\u017cana, ziemniak\u00f3w i pomidor\u00f3w<\/a><br \/>\n<a href=\"https:\/\/nowybufet.pl\/wielkapysznosc\/zapiekanka-z-ziemniakow\/\">zapiekanka z ziemniak\u00f3w<\/a><\/p>\n<h2>Wegetaria\u0144skie<\/h2>\n<p><a href=\"https:\/\/nowybufet.pl\/wielkapysznosc\/aglio-olio\/\">aglio olio<\/a><br \/>\n<a href=\"https:\/\/nowybufet.pl\/wielkapysznosc\/gnocchi-szpinakowe\/\">gnocchi szpinakowe<\/a><br \/>\n<a href=\"https:\/\/nowybufet.pl\/wielkapysznosc\/makaron-z-baklazanem-i-mozzarella\/\">gobetti z bak\u0142a\u017canem i mozzarell\u0105<\/a><br \/>\n<a href=\"https:\/\/nowybufet.pl\/wielkapysznosc\/kopytka\/\">kopytka<\/a><br \/>\n<a href=\"https:\/\/nowybufet.pl\/wielkapysznosc\/krem-pomidorowy\/\">krem pomidorowy<\/a><br \/>\n<a href=\"https:\/\/nowybufet.pl\/wielkapysznosc\/melanzana\/\">melanzana<\/a><br \/>\n<a href=\"https:\/\/nowybufet.pl\/wielkapysznosc\/peczak-z-warzywami\/\">p\u0119czak z warzywami i orze\u017awiaj\u0105cym sosem<\/a><br \/>\n<a href=\"https:\/\/nowybufet.pl\/wielkapysznosc\/pita-z-warzywami-feta-i-sosem-oliwkowym\/\">pita z warzywami, fet\u0105 i sosem oliwkowym<\/a><br \/>\n<a href=\"https:\/\/nowybufet.pl\/wielkapysznosc\/placki-ziemniaczane-z-sosem-zurkowym\/\">placki ziemniaczane z sosem \u017curkowym<\/a><br \/>\n<a href=\"https:\/\/nowybufet.pl\/wielkapysznosc\/polenta\/\">polenta<\/a><br \/>\n<a href=\"https:\/\/nowybufet.pl\/wielkapysznosc\/ratatouille\/\">ratatouille warzywne<\/a><br \/>\n<a href=\"https:\/\/nowybufet.pl\/wielkapysznosc\/makaron-risini-z-mlodymi-warzywami\/\">risini z m\u0142odymi warzywami<\/a><br \/>\n<a href=\"https:\/\/nowybufet.pl\/wielkapysznosc\/tarta-z-dynia-i-z-cukinia\/\">tarta z dyni\u0105, cukini\u0105 i flanem jajecznym<\/a><br \/>\n<a href=\"https:\/\/nowybufet.pl\/wielkapysznosc\/tarta-z-porami-i-kurkami\/\">tarta z porami i kurkami<\/a><br \/>\n<a href=\"https:\/\/nowybufet.pl\/wielkapysznosc\/zapiekanka-z-baklazana-ziemniakow-i-pomidorow\/\">zapiekanka z bak\u0142a\u017cana, ziemniak\u00f3w i pomidor\u00f3w<\/a><br \/>\n<a href=\"https:\/\/nowybufet.pl\/wielkapysznosc\/zapiekanka-z-ziemniakow\/\">zapiekanka z ziemniak\u00f3w<\/a><br \/>\n<a href=\"https:\/\/nowybufet.pl\/wielkapysznosc\/ziemniaki-utoczkin\/\">ziemniaki utoczkin<\/a><\/p>\n<h2>Sosy<\/h2>\n<p><a href=\"https:\/\/nowybufet.pl\/wielkapysznosc\/jak-zrobic-sos-aioli\/\">aioli<\/a><br \/>\n<a href=\"https:\/\/nowybufet.pl\/wielkapysznosc\/balsamiczny-sos-barbecue\/\">balsamiczny sos barbecue<\/a><br \/>\n<a href=\"https:\/\/nowybufet.pl\/wielkapysznosc\/majonez-domowy\/\">majonez domowy<\/a><br \/>\n<a href=\"https:\/\/nowybufet.pl\/wielkapysznosc\/sos-z-koziego-sera\/\">z koziego sera<\/a><br \/>\n<a href=\"https:\/\/nowybufet.pl\/wielkapysznosc\/sos-z-kurek-ogorkow-kiszonych-i-boczku\/\">z kurek, og\u00f3rk\u00f3w kiszonych i boczku<\/a><\/p>\n<h2>S\u0142odko\u015bci<\/h2>\n<p><a href=\"https:\/\/nowybufet.pl\/wielkapysznosc\/biszkopt-z-poziomkami\/\">biszkopt z owocami i kremem \u015bmietankowym<\/a><br \/>\n<a href=\"https:\/\/nowybufet.pl\/wielkapysznosc\/ciasto-drozdzowe-z-zurawina\/\">ciasto dro\u017cd\u017cowe z \u017curawin\u0105<\/a><br \/>\n<a href=\"https:\/\/nowybufet.pl\/wielkapysznosc\/crostata-z-malinami\/\">crostata z malinami<\/a><br \/>\n<a href=\"https:\/\/nowybufet.pl\/wielkapysznosc\/faworki\/\">faworki<\/a><br \/>\n<a href=\"https:\/\/nowybufet.pl\/wielkapysznosc\/fondant-ciastko-czekoladowe\/\">fondant czekoladowy<\/a><br \/>\n<a href=\"https:\/\/nowybufet.pl\/wielkapysznosc\/gruszki-w-miodzie-z-gorgonzola\/\">gruszki w miodzie z gorgoznol\u0105<\/a><br \/>\n<a href=\"https:\/\/nowybufet.pl\/wielkapysznosc\/najszybszy-sernik-swiata\/\">najszybszy sernik \u015bwiata<\/a><br \/>\n<a href=\"https:\/\/nowybufet.pl\/wielkapysznosc\/paczki-na-ostatki\/\">p\u0105czki<\/a><br \/>\n<a href=\"https:\/\/nowybufet.pl\/wielkapysznosc\/pieczone-jablka-z-sosem-karmelowym\/\">pieczone jab\u0142ka z sosem karmelowym<\/a><br \/>\n<a href=\"https:\/\/nowybufet.pl\/wielkapysznosc\/nalesniki-suzette\/\">nale\u015bniki Suzette<\/a><br \/>\n<a href=\"https:\/\/nowybufet.pl\/wielkapysznosc\/panna-cotta\/\">panna cotta<\/a><br \/>\n<a href=\"https:\/\/nowybufet.pl\/wielkapysznosc\/sbriciolata\/\">sbriciolata<\/a><br \/>\n<a href=\"https:\/\/nowybufet.pl\/wielkapysznosc\/sernik-nowojorki\/\">sernik nowojorski<\/a><br \/>\n<a href=\"https:\/\/nowybufet.pl\/wielkapysznosc\/suflet-czekoladowy-z-serem-plesniowym\/\">suflet czekoladowy z serem ple\u015bniowym<\/a><br \/>\n<a href=\"https:\/\/nowybufet.pl\/wielkapysznosc\/szarlotka\/\">szarlotka<\/a><br \/>\n<a href=\"https:\/\/nowybufet.pl\/wielkapysznosc\/tarta-z-truskawkami-i-bita\/\">tarta z truskawkami i bit\u0105 \u015bmietan\u0105<\/a><br \/>\n<a href=\"https:\/\/nowybufet.pl\/wielkapysznosc\/tarta-ze-sliwkami\/\">tarta ze \u015bliwkami i orzechami laskowymi<\/a><br \/>\n<a href=\"https:\/\/nowybufet.pl\/wielkapysznosc\/zurawina-wielofunkcyjna-okrasa\/\">\u017curawina<\/a><\/p>\n","protected":false},"excerpt":{"rendered":"<p>Przek\u0105ski bruschetta buraki z kozim serem chleb dro\u017cd\u017cowy \u201eTrzech Kr\u00f3li\u201d domowa kanapka ze \u015bledziem a\u2019la cieszy\u0144ska jaja w czy\u015b\u0107cu domowy [&hellip;]<\/p>\n","protected":false},"author":3,"featured_media":0,"parent":0,"menu_order":0,"comment_status":"closed","ping_status":"closed","template":"","meta":{"site-sidebar-layout":"default","site-content-layout":"","ast-site-content-layout":"","site-content-style":"default","site-sidebar-style":"default","ast-global-header-display":"","ast-banner-title-visibility":"","ast-main-header-display":"","ast-hfb-above-header-display":"","ast-hfb-below-header-display":"","ast-hfb-mobile-header-display":"","site-post-title":"","ast-breadcrumbs-content":"","ast-featured-img":"","footer-sml-layout":"","theme-transparent-header-meta":"","adv-header-id-meta":"","stick-header-meta":"","header-above-stick-meta":"","header-main-stick-meta":"","header-below-stick-meta":"","astra-migrate-meta-layouts":"default","ast-page-background-enabled":"default","ast-page-background-meta":{"desktop":{"background-color":"var(--ast-global-color-4)","background-image":"","background-repeat":"repeat","background-position":"center center","background-size":"auto","background-attachment":"scroll","background-type":"","background-media":"","overlay-type":"","overlay-color":"","overlay-opacity":"","overlay-gradient":""},"tablet":{"background-color":"","background-image":"","background-repeat":"repeat","background-position":"center center","background-size":"auto","background-attachment":"scroll","background-type":"","background-media":"","overlay-type":"","overlay-color":"","overlay-opacity":"","overlay-gradient":""},"mobile":{"background-color":"","background-image":"","background-repeat":"repeat","background-position":"center center","background-size":"auto","background-attachment":"scroll","background-type":"","background-media":"","overlay-type":"","overlay-color":"","overlay-opacity":"","overlay-gradient":""}},"ast-content-background-meta":{"desktop":{"background-color":"var(--ast-global-color-5)","background-image":"","background-repeat":"repeat","background-position":"center center","background-size":"auto","background-attachment":"scroll","background-type":"","background-media":"","overlay-type":"","overlay-color":"","overlay-opacity":"","overlay-gradient":""},"tablet":{"background-color":"var(--ast-global-color-5)","background-image":"","background-repeat":"repeat","background-position":"center center","background-size":"auto","background-attachment":"scroll","background-type":"","background-media":"","overlay-type":"","overlay-color":"","overlay-opacity":"","overlay-gradient":""},"mobile":{"background-color":"var(--ast-global-color-5)","background-image":"","background-repeat":"repeat","background-position":"center center","background-size":"auto","background-attachment":"scroll","background-type":"","background-media":"","overlay-type":"","overlay-color":"","overlay-opacity":"","overlay-gradient":""}},"footnotes":""},"class_list":["post-157","page","type-page","status-publish","hentry"],"_links":{"self":[{"href":"https:\/\/nowybufet.pl\/wielkapysznosc\/wp-json\/wp\/v2\/pages\/157"}],"collection":[{"href":"https:\/\/nowybufet.pl\/wielkapysznosc\/wp-json\/wp\/v2\/pages"}],"about":[{"href":"https:\/\/nowybufet.pl\/wielkapysznosc\/wp-json\/wp\/v2\/types\/page"}],"author":[{"embeddable":true,"href":"https:\/\/nowybufet.pl\/wielkapysznosc\/wp-json\/wp\/v2\/users\/3"}],"replies":[{"embeddable":true,"href":"https:\/\/nowybufet.pl\/wielkapysznosc\/wp-json\/wp\/v2\/comments?post=157"}],"version-history":[{"count":7,"href":"https:\/\/nowybufet.pl\/wielkapysznosc\/wp-json\/wp\/v2\/pages\/157\/revisions"}],"predecessor-version":[{"id":4481,"href":"https:\/\/nowybufet.pl\/wielkapysznosc\/wp-json\/wp\/v2\/pages\/157\/revisions\/4481"}],"wp:attachment":[{"href":"https:\/\/nowybufet.pl\/wielkapysznosc\/wp-json\/wp\/v2\/media?parent=157"}],"curies":[{"name":"wp","href":"https:\/\/api.w.org\/{rel}","templated":true}]}}